{"id":32,"date":"2010-12-16T16:18:48","date_gmt":"2010-12-16T16:18:48","guid":{"rendered":"http:\/\/plgc.com.br\/pt2011\/?page_id=32"},"modified":"2024-01-09T14:09:46","modified_gmt":"2024-01-09T14:09:46","slug":"clube","status":"publish","type":"page","link":"https:\/\/www.plgc.com.br\/site\/clube\/","title":{"rendered":"Clube"},"content":{"rendered":"\t\t<div data-elementor-type=\"wp-page\" data-elementor-id=\"32\" class=\"elementor elementor-32\" data-elementor-post-type=\"page\">\n\t\t\t\t\t\t<section class=\"elementor-section elementor-top-section elementor-element elementor-element-3d50b619 elementor-section-boxed elementor-section-height-default elementor-section-height-default\" data-id=\"3d50b619\" data-element_type=\"section\" data-e-type=\"section\">\n\t\t\t\t\t\t<div class=\"elementor-container elementor-column-gap-default\">\n\t\t\t\t\t<div class=\"elementor-column elementor-col-100 elementor-top-column elementor-element elementor-element-5e163795\" data-id=\"5e163795\" data-element_type=\"column\" data-e-type=\"column\">\n\t\t\t<div class=\"elementor-widget-wrap elementor-element-populated\">\n\t\t\t\t\t\t<div class=\"elementor-element elementor-element-3fa7cd1c elementor-widget elementor-widget-text-editor\" data-id=\"3fa7cd1c\" data-element_type=\"widget\" data-e-type=\"widget\" data-widget_type=\"text-editor.default\">\n\t\t\t\t<div class=\"elementor-widget-container\">\n\t\t\t\t\t\t\t\t\t<div style=\"text-align: justify;\"><img fetchpriority=\"high\" decoding=\"async\" data-recalc-dims=\"1\" class=\"aligncenter size-full wp-image-5233\" src=\"https:\/\/i0.wp.com\/www.plgc.com.br\/site\/wp-content\/uploads\/2018\/03\/sede_completa.jpg?resize=793%2C312&#038;ssl=1\" alt=\"\" width=\"793\" height=\"312\" srcset=\"https:\/\/i0.wp.com\/www.plgc.com.br\/site\/wp-content\/uploads\/2018\/03\/sede_completa.jpg?w=793&amp;ssl=1 793w, https:\/\/i0.wp.com\/www.plgc.com.br\/site\/wp-content\/uploads\/2018\/03\/sede_completa.jpg?resize=300%2C118&amp;ssl=1 300w, https:\/\/i0.wp.com\/www.plgc.com.br\/site\/wp-content\/uploads\/2018\/03\/sede_completa.jpg?resize=768%2C302&amp;ssl=1 768w\" sizes=\"(max-width: 793px) 100vw, 793px\" \/>O <span style=\"color: #000000;\"><strong>PL Golf Clube<\/strong><\/span> possui al\u00e9m do golfe, uma infraestrutura voltada aos familiares de golfistas que n\u00e3o jogam golfe, com uma piscina semiol\u00edmpica e um pequeno playground para crian\u00e7as e&nbsp; ber\u00e7\u00e1rio para as crian\u00e7as puder descansar durante os jogos dos pais. Na Sede principal temos Vesti\u00e1rios Masculinos e Femininos, inclusive com arm\u00e1rios para visitantes, com sauna e ofur\u00f4, loja de golfe com principais equipamentos necess\u00e1rios a um golfista, al\u00e9m de sala de estar com lareira, sala de TV, administra\u00e7\u00e3o(secretaria) e recep\u00e7\u00e3o, al\u00e9m de um excelente restaurante de culin\u00e1ria japon\u00easa. O PL Golf Clube est\u00e1 filiado a Federa\u00e7\u00e3o Paulista de Golfe e atual presidente do Clube \u00e9 o Sr. <b>Seizo Yano<\/b>, o Capit\u00e3o Sr. <strong>Koichi Ogata<\/strong>, &nbsp;Capit\u00e3 Sra. <strong>Keiko Shimomaebara.<\/strong><\/div>\n<div style=\"text-align: justify;\">&nbsp;<\/div>\n<div style=\"text-align: justify;\">&nbsp;<\/div>\n<div id=\"_mcePaste\" style=\"text-align: justify;\"><a href=\"https:\/\/www.plgc.com.br\/site\/clube\/plgc_entreda\/\" rel=\"attachment wp-att-3920\"><img decoding=\"async\" data-recalc-dims=\"1\" class=\"alignright size-full wp-image-3920\" src=\"https:\/\/i0.wp.com\/www.plgc.com.br\/site\/wp-content\/uploads\/2010\/12\/plgc_entreda.jpg?resize=300%2C214&#038;ssl=1\" alt=\"\" width=\"300\" height=\"214\"><\/a>O clube atualmente, com o objetivo de incentivar golfe entre a juventude, est\u00e1 promovendo todos os domingos, aulas ministradas para as crian\u00e7as por um profissional. Outra campanha que podemos destacar \u00e9 a \u201cCampanha de&nbsp;plantio de \u00e1rvores flor\u00edferas\u201d, que vem sendo desenvolvida j\u00e1 h\u00e1 algum tempo, com grande sucesso, que consiste no plantio dessas \u00e1rvores para deixar os campos mais floridos e belos, e tamb\u00e9m com intuito de conscientizar a preserva\u00e7\u00e3o da natureza. Tamb\u00e9m temos instala\u00e7\u00f5es para treinamento (driving range, approach green e putt green), com 02 profissionais que lecionam golfe com hora marcada. Tamb\u00e9m temos materiais de golfe (tacos e sapatos) para aluguel. Os visitantes poder\u00e3o jogar durante a semana mediante reserva feita com um dia de anteced\u00eancia e aos finais de semana e feriados somente com apresenta\u00e7\u00e3o e acompanhado do associado do clube. O visitante tem livre acesso a todas as depend\u00eancias do Clube. Tipo de grama do fairways: esmeraldas, batatais e S\u00e3o Carlos.<\/div>\n<div id=\"_mcePaste\" style=\"text-align: justify;\">\n<p><a href=\"https:\/\/www.plgc.com.br\/site\/clube\/campo_clube\/\" rel=\"attachment wp-att-5234\"><img decoding=\"async\" data-recalc-dims=\"1\" class=\"alignleft size-full wp-image-5234\" src=\"https:\/\/i0.wp.com\/www.plgc.com.br\/site\/wp-content\/uploads\/2018\/03\/campo_clube.jpg?resize=350%2C197&#038;ssl=1\" alt=\"\" width=\"350\" height=\"197\" srcset=\"https:\/\/i0.wp.com\/www.plgc.com.br\/site\/wp-content\/uploads\/2018\/03\/campo_clube.jpg?w=350&amp;ssl=1 350w, https:\/\/i0.wp.com\/www.plgc.com.br\/site\/wp-content\/uploads\/2018\/03\/campo_clube.jpg?resize=300%2C169&amp;ssl=1 300w\" sizes=\"(max-width: 350px) 100vw, 350px\" \/><\/a>Tipo de grama dos greens: bermuda.<br>Campos Pansy e Lily com topografia mista e Glory com topografia plana..<\/p>\n<\/div>\n<div id=\"_mcePaste\" style=\"text-align: justify;\">Para maiores informa\u00e7\u00f5es ou d\u00favidas o nosso staff, com prazer, estar\u00e1 sempre a disposi\u00e7\u00e3o dos senhores golfistas&nbsp;<strong>Sr. Alberto Sato&nbsp;<\/strong>\u2013 Gerente Geral<\/div>\t\t\t\t\t\t\t\t<\/div>\n\t\t\t\t<\/div>\n\t\t\t\t\t<\/div>\n\t\t<\/div>\n\t\t\t\t\t<\/div>\n\t\t<\/section>\n\t\t\t\t<\/div>\n\t\t","protected":false},"excerpt":{"rendered":"<p>[&#8230;]<\/p>\n","protected":false},"author":1,"featured_media":0,"parent":0,"menu_order":0,"comment_status":"closed","ping_status":"closed","template":"","meta":{"footnotes":""},"class_list":["post-32","page","type-page","status-publish","hentry"],"jetpack_sharing_enabled":true,"_links":{"self":[{"href":"https:\/\/www.plgc.com.br\/site\/wp-json\/wp\/v2\/pages\/32","targetHints":{"allow":["GET"]}}],"collection":[{"href":"https:\/\/www.plgc.com.br\/site\/wp-json\/wp\/v2\/pages"}],"about":[{"href":"https:\/\/www.plgc.com.br\/site\/wp-json\/wp\/v2\/types\/page"}],"author":[{"embeddable":true,"href":"https:\/\/www.plgc.com.br\/site\/wp-json\/wp\/v2\/users\/1"}],"replies":[{"embeddable":true,"href":"https:\/\/www.plgc.com.br\/site\/wp-json\/wp\/v2\/comments?post=32"}],"version-history":[{"count":21,"href":"https:\/\/www.plgc.com.br\/site\/wp-json\/wp\/v2\/pages\/32\/revisions"}],"predecessor-version":[{"id":15008,"href":"https:\/\/www.plgc.com.br\/site\/wp-json\/wp\/v2\/pages\/32\/revisions\/15008"}],"wp:attachment":[{"href":"https:\/\/www.plgc.com.br\/site\/wp-json\/wp\/v2\/media?parent=32"}],"curies":[{"name":"wp","href":"https:\/\/api.w.org\/{rel}","templated":true}]}}