{"id":8407,"date":"2022-03-21T08:00:16","date_gmt":"2022-03-21T08:00:16","guid":{"rendered":"https:\/\/www.plgc.com.br\/site\/?page_id=8407"},"modified":"2026-01-16T19:42:05","modified_gmt":"2026-01-16T19:42:05","slug":"servicos","status":"publish","type":"page","link":"https:\/\/www.plgc.com.br\/site\/servicos\/","title":{"rendered":"Servi\u00e7os"},"content":{"rendered":"\t\t<div data-elementor-type=\"wp-page\" data-elementor-id=\"8407\" class=\"elementor elementor-8407\" data-elementor-post-type=\"page\">\n\t\t\t\t\t\t<section class=\"elementor-section elementor-top-section elementor-element elementor-element-32f3cd63 elementor-section-boxed elementor-section-height-default elementor-section-height-default\" data-id=\"32f3cd63\" data-element_type=\"section\" data-e-type=\"section\">\n\t\t\t\t\t\t<div class=\"elementor-container elementor-column-gap-default\">\n\t\t\t\t\t<div class=\"elementor-column elementor-col-100 elementor-top-column elementor-element elementor-element-2b3d61d0\" data-id=\"2b3d61d0\" data-element_type=\"column\" data-e-type=\"column\">\n\t\t\t<div class=\"elementor-widget-wrap elementor-element-populated\">\n\t\t\t\t\t\t<div class=\"elementor-element elementor-element-71779235 elementor-widget elementor-widget-text-editor\" data-id=\"71779235\" data-element_type=\"widget\" data-e-type=\"widget\" data-widget_type=\"text-editor.default\">\n\t\t\t\t<div class=\"elementor-widget-container\">\n\t\t\t\t\t\t\t\t\t<h3 style=\"text-align: left;\"><span style=\"color: #008000;\"><strong>Nossos Servi\u00e7os<\/strong><\/span><\/h3><p style=\"text-align: left;\"><span style=\"color: #000000;\">Campo oficial de 27 Buracos<\/span><br \/><span style=\"color: #000000;\"> Driving range<\/span><br \/><span style=\"color: #000000;\"> Putting green<\/span><br \/><span style=\"color: #000000;\"> Aproach green<\/span><br \/><span style=\"color: #000000;\"> Golf carts<\/span><br \/><span style=\"color: #000000;\"> Bar social<\/span><br \/><span style=\"color: #000000;\"> Restaurante (culin\u00e1ria japonesa)\u00a0<\/span><br \/><span style=\"color: #000000;\"> Vesti\u00e1rio Masculino: Sauna, Ofur\u00f4, Tv Rom e Cadeira Massagem.<\/span><br \/><span style=\"color: #000000;\">Vesti\u00e1rio Feminino: Sauna, Tv Rom e Cadeira Massagem.<\/span><\/p><h3 style=\"text-align: left;\"><span style=\"color: #008000;\"><strong>Taxa de Green Fee:<\/strong><\/span><\/h3><p style=\"text-align: left;\"><span style=\"color: #000000;\">Ter\u00e7a a Sexta-Feira = R$ 220,00 (<strong>Contato antecipado no e-mail: recepcao@plgc.com.br<\/strong>) ou WhatsApp (11 4655-2622)<\/span><br \/><span style=\"color: #000000;\">S\u00e1bados, Domingos e Feriados a partir das 6:30 somente com apresentante (<strong>acompanhado<\/strong>) R$ 640,00.\u00a0<\/span><br \/><span style=\"color: #000000;\"> S\u00e1bados, Domingos e Feriados ap\u00f3s 12:00 R$ 600,00, com apresentante (<strong>acompanhado<\/strong>) R$477,00.<\/span><\/p><p style=\"text-align: left;\"><span style=\"color: #ff0000;\"><span style=\"color: #ff0000;\"><b>Obs: Jogo para visitantes em finais de semana e feriado no per\u00edodo\u00a0da MANH\u00c3, sempre acompanhado de associado.<\/b><\/span><\/span><\/p><h3 style=\"text-align: left;\"><span style=\"color: #008000;\"><strong>Taxa de Driving Range:<\/strong><\/span><\/h3><p style=\"text-align: left;\"><span style=\"color: #000000;\">Ter\u00e7a a Sexta-Feira = R$ 65,00 (balde de bolas N\u00e3o incluso)<\/span><br \/><span style=\"color: #000000;\"> S\u00e1bados, Domingos e Feriados = R$ 65,00 (balde de bolas N\u00e3o incluso)<\/span><\/p><h3 style=\"text-align: left;\"><span style=\"color: #008000;\"><strong>Hor\u00e1rio de Funcionamento do Clube:<\/strong><\/span><\/h3><p style=\"text-align: left;\"><span style=\"color: #000000;\">Ter\u00e7a \u00e0 Sexta-Feira: 7:00 \u00e0s 18:00<\/span><br \/><span style=\"color: #000000;\"> S\u00e1bados, Domingos e Feriados: 6:30 \u00e0s 20:00<\/span><\/p><p style=\"text-align: left;\"><span style=\"color: #000000;\">Nota:\u00a0PRE\u00c7OS SUJEITOS A ALTERA\u00c7\u00c3O SEM AVISO PR\u00c9VIO.<\/span><\/p>\t\t\t\t\t\t\t\t<\/div>\n\t\t\t\t<\/div>\n\t\t\t\t\t<\/div>\n\t\t<\/div>\n\t\t\t\t\t<\/div>\n\t\t<\/section>\n\t\t\t\t<\/div>\n\t\t","protected":false},"excerpt":{"rendered":"<p>[&#8230;]<\/p>\n","protected":false},"author":1,"featured_media":0,"parent":0,"menu_order":3,"comment_status":"closed","ping_status":"closed","template":"","meta":{"footnotes":""},"class_list":["post-8407","page","type-page","status-publish","hentry"],"jetpack_sharing_enabled":true,"_links":{"self":[{"href":"https:\/\/www.plgc.com.br\/site\/wp-json\/wp\/v2\/pages\/8407","targetHints":{"allow":["GET"]}}],"collection":[{"href":"https:\/\/www.plgc.com.br\/site\/wp-json\/wp\/v2\/pages"}],"about":[{"href":"https:\/\/www.plgc.com.br\/site\/wp-json\/wp\/v2\/types\/page"}],"author":[{"embeddable":true,"href":"https:\/\/www.plgc.com.br\/site\/wp-json\/wp\/v2\/users\/1"}],"replies":[{"embeddable":true,"href":"https:\/\/www.plgc.com.br\/site\/wp-json\/wp\/v2\/comments?post=8407"}],"version-history":[{"count":46,"href":"https:\/\/www.plgc.com.br\/site\/wp-json\/wp\/v2\/pages\/8407\/revisions"}],"predecessor-version":[{"id":17367,"href":"https:\/\/www.plgc.com.br\/site\/wp-json\/wp\/v2\/pages\/8407\/revisions\/17367"}],"wp:attachment":[{"href":"https:\/\/www.plgc.com.br\/site\/wp-json\/wp\/v2\/media?parent=8407"}],"curies":[{"name":"wp","href":"https:\/\/api.w.org\/{rel}","templated":true}]}}